{"id":117,"date":"2024-12-26T19:29:41","date_gmt":"2024-12-26T18:29:41","guid":{"rendered":"https:\/\/mestel.univ-ghardaia.edu.dz\/?page_id=117"},"modified":"2025-01-06T18:53:22","modified_gmt":"2025-01-06T17:53:22","slug":"publications","status":"publish","type":"page","link":"https:\/\/mestel.univ-ghardaia.edu.dz\/fr\/publications","title":{"rendered":"Production Scientifique"},"content":{"rendered":"<p><\/p>\n<p style=\"text-align: left\"><span class=\"HwtZe\" lang=\"fr\"><span class=\"jCAhz ChMk0b\"><span class=\"ryNqvb\">Cette page donne acc\u00e8s \u00e0 l&rsquo;ensemble des publications scientifiques et des r\u00e9sultats de recherche produits par le Laboratoire des Mat\u00e9riaux, des Technologies des Syst\u00e8mes \u00c9nerg\u00e9tiques et de l&rsquo;Environnement, refl\u00e9tant le travail collectif de ses \u00e9quipes de recherche<\/span><\/span><\/span><\/p>\n<hr \/>\n<p style=\"text-align: left\"><em><span style=\"color: #ff0000\">Veuillez voir la version en Anglaise\u00a0 en haut<br \/>\n<\/span><\/em><\/p>\n<p><\/p>","protected":false},"excerpt":{"rendered":"<p>Cette page donne acc\u00e8s \u00e0 l&rsquo;ensemble des publications scientifiques et des r\u00e9sultats de recherche produits par le Laboratoire des Mat\u00e9riaux, des Technologies des Syst\u00e8mes \u00c9nerg\u00e9tiques et de l&rsquo;Environnement, refl\u00e9tant le travail collectif de ses \u00e9quipes de recherche Veuillez voir la<span class=\"ellipsis\">&hellip;<\/span><\/p>\n<div class=\"read-more\"><a href=\"https:\/\/mestel.univ-ghardaia.edu.dz\/fr\/publications\">Lire la suite &#8250;<\/a><\/div>\n<p><!-- end of .read-more --><\/p>\n","protected":false},"author":23,"featured_media":0,"parent":0,"menu_order":0,"comment_status":"closed","ping_status":"closed","template":"","meta":{"_monsterinsights_skip_tracking":false,"_monsterinsights_sitenote_active":false,"_monsterinsights_sitenote_note":"","_monsterinsights_sitenote_category":0,"footnotes":""},"class_list":["post-117","page","type-page","status-publish","hentry"],"yoast_head":"<!-- This site is optimized with the Yoast SEO plugin v26.8 - https:\/\/yoast.com\/product\/yoast-seo-wordpress\/ -->\n<title>Production Scientifique - Laboratoire des mat\u00e9riaux, technologie des syst\u00e8mes energetiques et environnement<\/title>\n<meta name=\"robots\" content=\"index, follow, max-snippet:-1, max-image-preview:large, max-video-preview:-1\" \/>\n<link rel=\"canonical\" href=\"https:\/\/mestel.univ-ghardaia.edu.dz\/publications\" \/>\n<meta property=\"og:locale\" content=\"fr_FR\" \/>\n<meta property=\"og:type\" content=\"article\" \/>\n<meta property=\"og:title\" content=\"[:en]Scientific Production[:fr]Production Scientifique[:ar]\u0627\u0644\u0646\u0634\u0631 \u0627\u0644\u0639\u0644\u0645\u064a[:] - Laboratoire des mat\u00e9riaux, technologie des syst\u00e8mes energetiques et environnement\" \/>\n<meta property=\"og:description\" content=\"Cette page donne acc\u00e8s \u00e0 l&rsquo;ensemble des publications scientifiques et des r\u00e9sultats de recherche produits par le Laboratoire des Mat\u00e9riaux, des Technologies des Syst\u00e8mes \u00c9nerg\u00e9tiques et de l&rsquo;Environnement, refl\u00e9tant le travail collectif de ses \u00e9quipes de recherche Veuillez voir la&hellip;Lire la suite &#8250;\" \/>\n<meta property=\"og:url\" content=\"https:\/\/mestel.univ-ghardaia.edu.dz\/publications\" \/>\n<meta property=\"og:site_name\" content=\"Laboratoire des mat\u00e9riaux, technologie des syst\u00e8mes energetiques et environnement\" \/>\n<meta property=\"article:modified_time\" content=\"2025-01-06T17:53:22+00:00\" \/>\n<meta name=\"twitter:card\" content=\"summary_large_image\" \/>\n<meta name=\"twitter:label1\" content=\"Dur\u00e9e de lecture estim\u00e9e\" \/>\n\t<meta name=\"twitter:data1\" content=\"1 minute\" \/>\n<script type=\"application\/ld+json\" class=\"yoast-schema-graph\">{\"@context\":\"https:\/\/schema.org\",\"@graph\":[{\"@type\":\"WebPage\",\"@id\":\"https:\/\/mestel.univ-ghardaia.edu.dz\/publications\",\"url\":\"https:\/\/mestel.univ-ghardaia.edu.dz\/publications\",\"name\":\"[:en]Scientific Production[:fr]Production Scientifique[:ar]\u0627\u0644\u0646\u0634\u0631 \u0627\u0644\u0639\u0644\u0645\u064a[:] - Laboratoire des mat\u00e9riaux, technologie des syst\u00e8mes energetiques et environnement\",\"isPartOf\":{\"@id\":\"https:\/\/mestel.univ-ghardaia.edu.dz\/#website\"},\"datePublished\":\"2024-12-26T18:29:41+00:00\",\"dateModified\":\"2025-01-06T17:53:22+00:00\",\"inLanguage\":\"fr-FR\",\"potentialAction\":[{\"@type\":\"ReadAction\",\"target\":[\"https:\/\/mestel.univ-ghardaia.edu.dz\/publications\"]}]},{\"@type\":\"WebSite\",\"@id\":\"https:\/\/mestel.univ-ghardaia.edu.dz\/#website\",\"url\":\"https:\/\/mestel.univ-ghardaia.edu.dz\/\",\"name\":\"Laboratoire des mat\u00e9riaux, technologie des syst\u00e8mes energetiques et environnement\",\"description\":\"Universit\u00e9 de Ghardaia\",\"potentialAction\":[{\"@type\":\"SearchAction\",\"target\":{\"@type\":\"EntryPoint\",\"urlTemplate\":\"https:\/\/mestel.univ-ghardaia.edu.dz\/?s={search_term_string}\"},\"query-input\":{\"@type\":\"PropertyValueSpecification\",\"valueRequired\":true,\"valueName\":\"search_term_string\"}}],\"inLanguage\":\"fr-FR\"}]}<\/script>\n<!-- \/ Yoast SEO plugin. -->","yoast_head_json":{"title":"[:en]Scientific Production[:fr]Production Scientifique[:ar]\u0627\u0644\u0646\u0634\u0631 \u0627\u0644\u0639\u0644\u0645\u064a[:] - Laboratoire des mat\u00e9riaux, technologie des syst\u00e8mes energetiques et environnement","robots":{"index":"index","follow":"follow","max-snippet":"max-snippet:-1","max-image-preview":"max-image-preview:large","max-video-preview":"max-video-preview:-1"},"canonical":"https:\/\/mestel.univ-ghardaia.edu.dz\/publications","og_locale":"fr_FR","og_type":"article","og_title":"[:en]Scientific Production[:fr]Production Scientifique[:ar]\u0627\u0644\u0646\u0634\u0631 \u0627\u0644\u0639\u0644\u0645\u064a[:] - Laboratoire des mat\u00e9riaux, technologie des syst\u00e8mes energetiques et environnement","og_description":"Cette page donne acc\u00e8s \u00e0 l&rsquo;ensemble des publications scientifiques et des r\u00e9sultats de recherche produits par le Laboratoire des Mat\u00e9riaux, des Technologies des Syst\u00e8mes \u00c9nerg\u00e9tiques et de l&rsquo;Environnement, refl\u00e9tant le travail collectif de ses \u00e9quipes de recherche Veuillez voir la&hellip;Lire la suite &#8250;","og_url":"https:\/\/mestel.univ-ghardaia.edu.dz\/publications","og_site_name":"Laboratoire des mat\u00e9riaux, technologie des syst\u00e8mes energetiques et environnement","article_modified_time":"2025-01-06T17:53:22+00:00","twitter_card":"summary_large_image","twitter_misc":{"Dur\u00e9e de lecture estim\u00e9e":"1 minute"},"schema":{"@context":"https:\/\/schema.org","@graph":[{"@type":"WebPage","@id":"https:\/\/mestel.univ-ghardaia.edu.dz\/publications","url":"https:\/\/mestel.univ-ghardaia.edu.dz\/publications","name":"[:en]Scientific Production[:fr]Production Scientifique[:ar]\u0627\u0644\u0646\u0634\u0631 \u0627\u0644\u0639\u0644\u0645\u064a[:] - Laboratoire des mat\u00e9riaux, technologie des syst\u00e8mes energetiques et environnement","isPartOf":{"@id":"https:\/\/mestel.univ-ghardaia.edu.dz\/#website"},"datePublished":"2024-12-26T18:29:41+00:00","dateModified":"2025-01-06T17:53:22+00:00","inLanguage":"fr-FR","potentialAction":[{"@type":"ReadAction","target":["https:\/\/mestel.univ-ghardaia.edu.dz\/publications"]}]},{"@type":"WebSite","@id":"https:\/\/mestel.univ-ghardaia.edu.dz\/#website","url":"https:\/\/mestel.univ-ghardaia.edu.dz\/","name":"Laboratoire des mat\u00e9riaux, technologie des syst\u00e8mes energetiques et environnement","description":"Universit\u00e9 de Ghardaia","potentialAction":[{"@type":"SearchAction","target":{"@type":"EntryPoint","urlTemplate":"https:\/\/mestel.univ-ghardaia.edu.dz\/?s={search_term_string}"},"query-input":{"@type":"PropertyValueSpecification","valueRequired":true,"valueName":"search_term_string"}}],"inLanguage":"fr-FR"}]}},"_links":{"self":[{"href":"https:\/\/mestel.univ-ghardaia.edu.dz\/fr\/wp-json\/wp\/v2\/pages\/117","targetHints":{"allow":["GET"]}}],"collection":[{"href":"https:\/\/mestel.univ-ghardaia.edu.dz\/fr\/wp-json\/wp\/v2\/pages"}],"about":[{"href":"https:\/\/mestel.univ-ghardaia.edu.dz\/fr\/wp-json\/wp\/v2\/types\/page"}],"author":[{"embeddable":true,"href":"https:\/\/mestel.univ-ghardaia.edu.dz\/fr\/wp-json\/wp\/v2\/users\/23"}],"replies":[{"embeddable":true,"href":"https:\/\/mestel.univ-ghardaia.edu.dz\/fr\/wp-json\/wp\/v2\/comments?post=117"}],"version-history":[{"count":8,"href":"https:\/\/mestel.univ-ghardaia.edu.dz\/fr\/wp-json\/wp\/v2\/pages\/117\/revisions"}],"predecessor-version":[{"id":300,"href":"https:\/\/mestel.univ-ghardaia.edu.dz\/fr\/wp-json\/wp\/v2\/pages\/117\/revisions\/300"}],"wp:attachment":[{"href":"https:\/\/mestel.univ-ghardaia.edu.dz\/fr\/wp-json\/wp\/v2\/media?parent=117"}],"curies":[{"name":"wp","href":"https:\/\/api.w.org\/{rel}","templated":true}]}}