{"id":2,"date":"2019-07-29T10:16:54","date_gmt":"2019-07-29T10:16:54","guid":{"rendered":"http:\/\/mestel.lab.univ-ghardaia.edu.dz\/?page_id=2"},"modified":"2025-01-08T20:33:29","modified_gmt":"2025-01-08T19:33:29","slug":"sample-page","status":"publish","type":"page","link":"https:\/\/mestel.univ-ghardaia.edu.dz\/fr\/sample-page","title":{"rendered":"Accueil"},"content":{"rendered":"<h1 class=\"featured-title\" style=\"text-align: center\"><span style=\"font-size: 12pt\"><span style=\"color: #000000\">Universit\u00e9 de Ghardaia \/ <\/span>Facult\u00e9 des Sciences et de la Technologie<\/span><\/h1>\r\n<p>&nbsp;<\/p>\r\n<p style=\"text-align: center\"><span style=\"color: #333399;font-size: 36pt\"><em><span style=\"font-family: comic sans ms, sans-serif\"><strong>Bienvenue au<\/strong><\/span><\/em><\/span><\/p>\r\n<p>&nbsp;<\/p>\r\n<h2 class=\"featured-subtitle\" style=\"text-align: center\"><span style=\"color: #008000\">Laboratoire des Mat\u00e9riaux, Technologie des Syst\u00e8mes Energetiques et Environnement\u00a0 (MESTEL)<br \/><\/span><\/h2>\r\n<p>&nbsp;<\/p>\r\n<p style=\"text-align: center\">Le laboratoire a \u00e9t\u00e9 cr\u00e9\u00e9 par l&rsquo;arr\u00eat\u00e9 minist\u00e9rielle N\u00b0:872 du 01\/10\/2018<\/p>\r\n<p>&nbsp;<\/p>\r\n<p style=\"text-align: center\"><strong><em>Foundateur \/ Directeur: Pr. BELLAOUAR Abderrahmane<\/em><\/strong><\/p>\r\n<p style=\"text-align: center\">E-mail: mestel@univ-ghardaia.dz<\/p>\r\n<p style=\"text-align: center\">\u00a0ar.bellaouar@univ-ghardaia.dz<\/p>\r\n<p style=\"text-align: center\">Mob\/WhatsApp: 00213(0)667928299<\/p>\r\n<!-- \/wp:paragraph --><!-- \/wp:paragraph --><!-- \/wp:paragraph --><!-- \/wp:paragraph --><!-- \/wp:paragraph --><!-- \/wp:paragraph --><!-- \/wp:paragraph -->\r\n<p>&nbsp;<\/p>\r\n<p style=\"text-align: center\">\u00a0<\/p>\r\n<!-- \/wp:paragraph --><!-- \/wp:paragraph --><!-- \/wp:paragraph --><!-- \/wp:paragraph --><!-- \/wp:paragraph --><!-- \/wp:paragraph --><!-- \/wp:paragraph -->","protected":false},"excerpt":{"rendered":"<p>Universit\u00e9 de Ghardaia \/ Facult\u00e9 des Sciences et de la Technologie &nbsp; Bienvenue au &nbsp; Laboratoire des Mat\u00e9riaux, Technologie des Syst\u00e8mes Energetiques et Environnement\u00a0 (MESTEL) &nbsp; Le laboratoire a \u00e9t\u00e9 cr\u00e9\u00e9 par l&rsquo;arr\u00eat\u00e9 minist\u00e9rielle N\u00b0:872 du 01\/10\/2018 &nbsp; Foundateur \/<span class=\"ellipsis\">&hellip;<\/span><\/p>\n<div class=\"read-more\"><a href=\"https:\/\/mestel.univ-ghardaia.edu.dz\/fr\/sample-page\">Lire la suite &#8250;<\/a><\/div>\n<p><!-- end of .read-more --><\/p>\n","protected":false},"author":18,"featured_media":0,"parent":0,"menu_order":0,"comment_status":"closed","ping_status":"closed","template":"","meta":{"_monsterinsights_skip_tracking":false,"_monsterinsights_sitenote_active":false,"_monsterinsights_sitenote_note":"","_monsterinsights_sitenote_category":0,"footnotes":""},"class_list":["post-2","page","type-page","status-publish","hentry"],"yoast_head":"<!-- This site is optimized with the Yoast SEO plugin v26.8 - https:\/\/yoast.com\/product\/yoast-seo-wordpress\/ -->\n<title>Laboratoire des mat\u00e9riaux, technologie des syst\u00e8mes energetiques et environnement<\/title>\n<meta name=\"robots\" content=\"index, follow, max-snippet:-1, max-image-preview:large, max-video-preview:-1\" \/>\n<link rel=\"canonical\" href=\"https:\/\/mestel.univ-ghardaia.edu.dz\/sample-page\" \/>\n<meta property=\"og:locale\" content=\"fr_FR\" \/>\n<meta property=\"og:type\" content=\"article\" \/>\n<meta property=\"og:title\" content=\"Laboratoire des mat\u00e9riaux, technologie des syst\u00e8mes energetiques et environnement\" \/>\n<meta property=\"og:description\" content=\"Universit\u00e9 de Ghardaia \/ Facult\u00e9 des Sciences et de la Technologie &nbsp; Bienvenue au &nbsp; Laboratoire des Mat\u00e9riaux, Technologie des Syst\u00e8mes Energetiques et Environnement\u00a0 (MESTEL) &nbsp; Le laboratoire a \u00e9t\u00e9 cr\u00e9\u00e9 par l&rsquo;arr\u00eat\u00e9 minist\u00e9rielle N\u00b0:872 du 01\/10\/2018 &nbsp; Foundateur \/&hellip;Lire la suite &#8250;\" \/>\n<meta property=\"og:url\" content=\"https:\/\/mestel.univ-ghardaia.edu.dz\/sample-page\" \/>\n<meta property=\"og:site_name\" content=\"Laboratoire des mat\u00e9riaux, technologie des syst\u00e8mes energetiques et environnement\" \/>\n<meta property=\"article:modified_time\" content=\"2025-01-08T19:33:29+00:00\" \/>\n<meta name=\"twitter:card\" content=\"summary_large_image\" \/>\n<meta name=\"twitter:label1\" content=\"Dur\u00e9e de lecture estim\u00e9e\" \/>\n\t<meta name=\"twitter:data1\" content=\"1 minute\" \/>\n<script type=\"application\/ld+json\" class=\"yoast-schema-graph\">{\"@context\":\"https:\/\/schema.org\",\"@graph\":[{\"@type\":\"WebPage\",\"@id\":\"https:\/\/mestel.univ-ghardaia.edu.dz\/sample-page\",\"url\":\"https:\/\/mestel.univ-ghardaia.edu.dz\/sample-page\",\"name\":\"Laboratoire des mat\u00e9riaux, technologie des syst\u00e8mes energetiques et environnement\",\"isPartOf\":{\"@id\":\"https:\/\/mestel.univ-ghardaia.edu.dz\/#website\"},\"datePublished\":\"2019-07-29T10:16:54+00:00\",\"dateModified\":\"2025-01-08T19:33:29+00:00\",\"inLanguage\":\"fr-FR\",\"potentialAction\":[{\"@type\":\"ReadAction\",\"target\":[\"https:\/\/mestel.univ-ghardaia.edu.dz\/sample-page\"]}]},{\"@type\":\"WebSite\",\"@id\":\"https:\/\/mestel.univ-ghardaia.edu.dz\/#website\",\"url\":\"https:\/\/mestel.univ-ghardaia.edu.dz\/\",\"name\":\"Laboratoire des mat\u00e9riaux, technologie des syst\u00e8mes energetiques et environnement\",\"description\":\"Universit\u00e9 de Ghardaia\",\"potentialAction\":[{\"@type\":\"SearchAction\",\"target\":{\"@type\":\"EntryPoint\",\"urlTemplate\":\"https:\/\/mestel.univ-ghardaia.edu.dz\/?s={search_term_string}\"},\"query-input\":{\"@type\":\"PropertyValueSpecification\",\"valueRequired\":true,\"valueName\":\"search_term_string\"}}],\"inLanguage\":\"fr-FR\"}]}<\/script>\n<!-- \/ Yoast SEO plugin. -->","yoast_head_json":{"title":"Laboratoire des mat\u00e9riaux, technologie des syst\u00e8mes energetiques et environnement","robots":{"index":"index","follow":"follow","max-snippet":"max-snippet:-1","max-image-preview":"max-image-preview:large","max-video-preview":"max-video-preview:-1"},"canonical":"https:\/\/mestel.univ-ghardaia.edu.dz\/sample-page","og_locale":"fr_FR","og_type":"article","og_title":"Laboratoire des mat\u00e9riaux, technologie des syst\u00e8mes energetiques et environnement","og_description":"Universit\u00e9 de Ghardaia \/ Facult\u00e9 des Sciences et de la Technologie &nbsp; Bienvenue au &nbsp; Laboratoire des Mat\u00e9riaux, Technologie des Syst\u00e8mes Energetiques et Environnement\u00a0 (MESTEL) &nbsp; Le laboratoire a \u00e9t\u00e9 cr\u00e9\u00e9 par l&rsquo;arr\u00eat\u00e9 minist\u00e9rielle N\u00b0:872 du 01\/10\/2018 &nbsp; Foundateur \/&hellip;Lire la suite &#8250;","og_url":"https:\/\/mestel.univ-ghardaia.edu.dz\/sample-page","og_site_name":"Laboratoire des mat\u00e9riaux, technologie des syst\u00e8mes energetiques et environnement","article_modified_time":"2025-01-08T19:33:29+00:00","twitter_card":"summary_large_image","twitter_misc":{"Dur\u00e9e de lecture estim\u00e9e":"1 minute"},"schema":{"@context":"https:\/\/schema.org","@graph":[{"@type":"WebPage","@id":"https:\/\/mestel.univ-ghardaia.edu.dz\/sample-page","url":"https:\/\/mestel.univ-ghardaia.edu.dz\/sample-page","name":"Laboratoire des mat\u00e9riaux, technologie des syst\u00e8mes energetiques et environnement","isPartOf":{"@id":"https:\/\/mestel.univ-ghardaia.edu.dz\/#website"},"datePublished":"2019-07-29T10:16:54+00:00","dateModified":"2025-01-08T19:33:29+00:00","inLanguage":"fr-FR","potentialAction":[{"@type":"ReadAction","target":["https:\/\/mestel.univ-ghardaia.edu.dz\/sample-page"]}]},{"@type":"WebSite","@id":"https:\/\/mestel.univ-ghardaia.edu.dz\/#website","url":"https:\/\/mestel.univ-ghardaia.edu.dz\/","name":"Laboratoire des mat\u00e9riaux, technologie des syst\u00e8mes energetiques et environnement","description":"Universit\u00e9 de Ghardaia","potentialAction":[{"@type":"SearchAction","target":{"@type":"EntryPoint","urlTemplate":"https:\/\/mestel.univ-ghardaia.edu.dz\/?s={search_term_string}"},"query-input":{"@type":"PropertyValueSpecification","valueRequired":true,"valueName":"search_term_string"}}],"inLanguage":"fr-FR"}]}},"_links":{"self":[{"href":"https:\/\/mestel.univ-ghardaia.edu.dz\/fr\/wp-json\/wp\/v2\/pages\/2","targetHints":{"allow":["GET"]}}],"collection":[{"href":"https:\/\/mestel.univ-ghardaia.edu.dz\/fr\/wp-json\/wp\/v2\/pages"}],"about":[{"href":"https:\/\/mestel.univ-ghardaia.edu.dz\/fr\/wp-json\/wp\/v2\/types\/page"}],"author":[{"embeddable":true,"href":"https:\/\/mestel.univ-ghardaia.edu.dz\/fr\/wp-json\/wp\/v2\/users\/18"}],"replies":[{"embeddable":true,"href":"https:\/\/mestel.univ-ghardaia.edu.dz\/fr\/wp-json\/wp\/v2\/comments?post=2"}],"version-history":[{"count":35,"href":"https:\/\/mestel.univ-ghardaia.edu.dz\/fr\/wp-json\/wp\/v2\/pages\/2\/revisions"}],"predecessor-version":[{"id":356,"href":"https:\/\/mestel.univ-ghardaia.edu.dz\/fr\/wp-json\/wp\/v2\/pages\/2\/revisions\/356"}],"wp:attachment":[{"href":"https:\/\/mestel.univ-ghardaia.edu.dz\/fr\/wp-json\/wp\/v2\/media?parent=2"}],"curies":[{"name":"wp","href":"https:\/\/api.w.org\/{rel}","templated":true}]}}