{"id":26,"date":"2019-09-15T13:09:20","date_gmt":"2019-09-15T12:09:20","guid":{"rendered":"http:\/\/mestel.univ-ghardaia.edu.dz\/?page_id=26"},"modified":"2025-01-08T19:37:01","modified_gmt":"2025-01-08T18:37:01","slug":"presentation","status":"publish","type":"page","link":"https:\/\/mestel.univ-ghardaia.edu.dz\/fr\/presentation","title":{"rendered":"Pr\u00e9sentation"},"content":{"rendered":"<p><strong><u>Les motifs<\/u><\/strong><\/p>\n<p>L\u2019universit\u00e9 de Gharda\u00efa est une universit\u00e9 jeune qui est en voie de d\u00e9veloppement que se soit sur le plan de nombre des \u00e9tudiants et de sp\u00e9cialit\u00e9s ouvertes, ainsi que sur le plan de la qualit\u00e9 d\u2019encadrement. Dans ce contexte, et pour d\u00e9velopper la recherche scientifique et am\u00e9liorer la formation en post-graduation au niveau de notre universit\u00e9, puis la n\u00e9cessit\u00e9 de prendre en charge la recherche li\u00e9e aux sp\u00e9cificit\u00e9s de la r\u00e9gion\u00a0 (Environnement, Syst\u00e8mes \u00e9nerg\u00e9tiques existants, industries, l&rsquo;eau, les ressources sahariennes locales\u2026etc.), la cr\u00e9ation du laboratoire de recherche \u00e9t\u00e9 primordiale et n\u00e9cessaire vu l&rsquo;absence de ce genre de structure de recherche. Ce laboratoire regroupe des th\u00e8mes de recherche qui lie diff\u00e9rents domaines relatifs aux sciences fondamentales et aux sciences de l\u2019ing\u00e9nieur. Il va nous permettre \u00e9galement d&rsquo;impliquer les enseignants chercheurs de l&rsquo;universit\u00e9 dans les th\u00e9matiques de recherche \u00e0 l&rsquo;ad\u00e9quation avec le secteur socio-\u00e9conomique de la r\u00e9gion, ainsi il est n\u00e9cessaire pour coordonner entre les secteurs existes dans la r\u00e9gion, et optimiser leurs ressources financi\u00e8res.<\/p>\n<p><strong>\u00a0<\/strong><\/p>\n<p><strong><u>Objectifs de recherche scientifique et de d\u00e9veloppement technologique\u00a0:<\/u><\/strong><\/p>\n<ul>\n<li>Essayer de r\u00e9pondre aux besoins du partenaire socio- \u00e9conomique;<\/li>\n<li>R\u00e9duire l&rsquo;impact nocif sur l&rsquo;environnement.<\/li>\n<li>Le regroupement des enseignants chercheurs de diff\u00e9rentes sp\u00e9cialit\u00e9s (m\u00e9canique, physique, mat\u00e9riaux, chimie, \u00e9lectronique, \u00e9lectrotechnique, g\u00e9nie des proc\u00e9d\u00e9s, hydrauliques), afin d\u2019exploiter leurs potentiels et comp\u00e9tences.<\/li>\n<li>Donner un \u00e9lan \u00e0 la recherche scientifique, vu l\u2019absence de ce genre de laboratoire au sein de notre universit\u00e9.<\/li>\n<li>La formation des \u00e9tudiants dans le domaine par l\u2019encadrement des masters et doctorats.<\/li>\n<li>La publication des r\u00e9sultats scientifiques dans des revues internationales reconnues, ainsi que la participation et l\u2019organisation des s\u00e9minaires nationaux et internationaux pour l&rsquo;\u00e9change des connaissances et des exp\u00e9riences avec d\u2019autres chercheurs ainsi que pour le monde socio-\u00e9conomique.<\/li>\n<li>La contribution au d\u00e9veloppement du secteur industriel.<\/li>\n<\/ul>\n<p>&nbsp;<\/p>\n<p><strong><em>Th\u00e8mes prises en charge par le laboratoire propos\u00e9\u00a0:<\/em><\/strong><\/p>\n<p><strong><u>L\u2019activit\u00e9 du laboratoire MTSEE est multidisciplinaire dont les principaux axes de recherche sont:<\/u><\/strong><\/p>\n<ul>\n<li>Mod\u00e9lisation, optimisation et fiabilit\u00e9 des syst\u00e8mes \u00e9nerg\u00e9tiques;<\/li>\n<li>Impact environnemental sur les syst\u00e8mes \u00e9nerg\u00e9tiques;<\/li>\n<li>Protection contre la corrosion, s\u00e9paration et traitement des fluides;<\/li>\n<li>nanotechnologie<\/li>\n<li>Simulation des ph\u00e9nom\u00e8nes de transfert thermique;<\/li>\n<li>Les interactions dans la physique des plasmas;<\/li>\n<li>Fabrication et \u00e9laboration des mat\u00e9riaux hybrides et composites;<\/li>\n<li>\u00c9tude et analyse des ressources naturelles sahariennes;<\/li>\n<li>Conservation de l&rsquo;environnement.<\/li>\n<\/ul>\n<p>&nbsp;<\/p>\n<p><strong>Equipes de recherche:<\/strong><\/p>\n<ol>\n<li>Mod\u00e9lisation, optimisation et fiabilit\u00e9 des syst\u00e8mes \u00e9nerg\u00e9tiques et environnement<\/li>\n<li>Plasma et Mat\u00e9riaux Avan<em>c\u00e9s;<\/em><\/li>\n<li>Valorisation des Ressources Naturelles, et Analyse Physicochimiques;<\/li>\n<li>Simulation des Ph\u00e9nom\u00e8nes de Transfert Thermique\/<\/li>\n<li>Innovation and intelligence artifice application<\/li>\n<\/ol>\n<p><\/p>","protected":false},"excerpt":{"rendered":"<p>Les motifs L\u2019universit\u00e9 de Gharda\u00efa est une universit\u00e9 jeune qui est en voie de d\u00e9veloppement que se soit sur le plan de nombre des \u00e9tudiants et de sp\u00e9cialit\u00e9s ouvertes, ainsi que sur le plan de la qualit\u00e9 d\u2019encadrement. Dans ce<span class=\"ellipsis\">&hellip;<\/span><\/p>\n<div class=\"read-more\"><a href=\"https:\/\/mestel.univ-ghardaia.edu.dz\/fr\/presentation\">Lire la suite &#8250;<\/a><\/div>\n<p><!-- end of .read-more --><\/p>\n","protected":false},"author":1,"featured_media":0,"parent":0,"menu_order":0,"comment_status":"closed","ping_status":"closed","template":"","meta":{"_monsterinsights_skip_tracking":false,"_monsterinsights_sitenote_active":false,"_monsterinsights_sitenote_note":"","_monsterinsights_sitenote_category":0,"footnotes":""},"class_list":["post-26","page","type-page","status-publish","hentry"],"yoast_head":"<!-- This site is optimized with the Yoast SEO plugin v26.8 - https:\/\/yoast.com\/product\/yoast-seo-wordpress\/ -->\n<title>Pr\u00e9sentation - Laboratoire des mat\u00e9riaux, technologie des syst\u00e8mes energetiques et environnement<\/title>\n<meta name=\"robots\" content=\"index, follow, max-snippet:-1, max-image-preview:large, max-video-preview:-1\" \/>\n<link rel=\"canonical\" href=\"https:\/\/mestel.univ-ghardaia.edu.dz\/presentation\" \/>\n<meta property=\"og:locale\" content=\"fr_FR\" \/>\n<meta property=\"og:type\" content=\"article\" \/>\n<meta property=\"og:title\" content=\"[:en]Presentation[:fr]Pr\u00e9sentation[:ar]\u062a\u0642\u062f\u064a\u0645 \u0627\u0644\u0645\u062e\u0628\u0631[:ru]\u043f\u0440\u0435\u0437\u0435\u043d\u0442\u0430\u0446\u0438\u044f[:] - Laboratoire des mat\u00e9riaux, technologie des syst\u00e8mes energetiques et environnement\" \/>\n<meta property=\"og:description\" content=\"Les motifs L\u2019universit\u00e9 de Gharda\u00efa est une universit\u00e9 jeune qui est en voie de d\u00e9veloppement que se soit sur le plan de nombre des \u00e9tudiants et de sp\u00e9cialit\u00e9s ouvertes, ainsi que sur le plan de la qualit\u00e9 d\u2019encadrement. Dans ce&hellip;Lire la suite &#8250;\" \/>\n<meta property=\"og:url\" content=\"https:\/\/mestel.univ-ghardaia.edu.dz\/presentation\" \/>\n<meta property=\"og:site_name\" content=\"Laboratoire des mat\u00e9riaux, technologie des syst\u00e8mes energetiques et environnement\" \/>\n<meta property=\"article:modified_time\" content=\"2025-01-08T18:37:01+00:00\" \/>\n<meta name=\"twitter:card\" content=\"summary_large_image\" \/>\n<meta name=\"twitter:label1\" content=\"Dur\u00e9e de lecture estim\u00e9e\" \/>\n\t<meta name=\"twitter:data1\" content=\"3 minutes\" \/>\n<script type=\"application\/ld+json\" class=\"yoast-schema-graph\">{\"@context\":\"https:\/\/schema.org\",\"@graph\":[{\"@type\":\"WebPage\",\"@id\":\"https:\/\/mestel.univ-ghardaia.edu.dz\/presentation\",\"url\":\"https:\/\/mestel.univ-ghardaia.edu.dz\/presentation\",\"name\":\"[:en]Presentation[:fr]Pr\u00e9sentation[:ar]\u062a\u0642\u062f\u064a\u0645 \u0627\u0644\u0645\u062e\u0628\u0631[:ru]\u043f\u0440\u0435\u0437\u0435\u043d\u0442\u0430\u0446\u0438\u044f[:] - Laboratoire des mat\u00e9riaux, technologie des syst\u00e8mes energetiques et environnement\",\"isPartOf\":{\"@id\":\"https:\/\/mestel.univ-ghardaia.edu.dz\/#website\"},\"datePublished\":\"2019-09-15T12:09:20+00:00\",\"dateModified\":\"2025-01-08T18:37:01+00:00\",\"inLanguage\":\"fr-FR\",\"potentialAction\":[{\"@type\":\"ReadAction\",\"target\":[\"https:\/\/mestel.univ-ghardaia.edu.dz\/presentation\"]}]},{\"@type\":\"WebSite\",\"@id\":\"https:\/\/mestel.univ-ghardaia.edu.dz\/#website\",\"url\":\"https:\/\/mestel.univ-ghardaia.edu.dz\/\",\"name\":\"Laboratoire des mat\u00e9riaux, technologie des syst\u00e8mes energetiques et environnement\",\"description\":\"Universit\u00e9 de Ghardaia\",\"potentialAction\":[{\"@type\":\"SearchAction\",\"target\":{\"@type\":\"EntryPoint\",\"urlTemplate\":\"https:\/\/mestel.univ-ghardaia.edu.dz\/?s={search_term_string}\"},\"query-input\":{\"@type\":\"PropertyValueSpecification\",\"valueRequired\":true,\"valueName\":\"search_term_string\"}}],\"inLanguage\":\"fr-FR\"}]}<\/script>\n<!-- \/ Yoast SEO plugin. -->","yoast_head_json":{"title":"[:en]Presentation[:fr]Pr\u00e9sentation[:ar]\u062a\u0642\u062f\u064a\u0645 \u0627\u0644\u0645\u062e\u0628\u0631[:ru]\u043f\u0440\u0435\u0437\u0435\u043d\u0442\u0430\u0446\u0438\u044f[:] - Laboratoire des mat\u00e9riaux, technologie des syst\u00e8mes energetiques et environnement","robots":{"index":"index","follow":"follow","max-snippet":"max-snippet:-1","max-image-preview":"max-image-preview:large","max-video-preview":"max-video-preview:-1"},"canonical":"https:\/\/mestel.univ-ghardaia.edu.dz\/presentation","og_locale":"fr_FR","og_type":"article","og_title":"[:en]Presentation[:fr]Pr\u00e9sentation[:ar]\u062a\u0642\u062f\u064a\u0645 \u0627\u0644\u0645\u062e\u0628\u0631[:ru]\u043f\u0440\u0435\u0437\u0435\u043d\u0442\u0430\u0446\u0438\u044f[:] - Laboratoire des mat\u00e9riaux, technologie des syst\u00e8mes energetiques et environnement","og_description":"Les motifs L\u2019universit\u00e9 de Gharda\u00efa est une universit\u00e9 jeune qui est en voie de d\u00e9veloppement que se soit sur le plan de nombre des \u00e9tudiants et de sp\u00e9cialit\u00e9s ouvertes, ainsi que sur le plan de la qualit\u00e9 d\u2019encadrement. Dans ce&hellip;Lire la suite &#8250;","og_url":"https:\/\/mestel.univ-ghardaia.edu.dz\/presentation","og_site_name":"Laboratoire des mat\u00e9riaux, technologie des syst\u00e8mes energetiques et environnement","article_modified_time":"2025-01-08T18:37:01+00:00","twitter_card":"summary_large_image","twitter_misc":{"Dur\u00e9e de lecture estim\u00e9e":"3 minutes"},"schema":{"@context":"https:\/\/schema.org","@graph":[{"@type":"WebPage","@id":"https:\/\/mestel.univ-ghardaia.edu.dz\/presentation","url":"https:\/\/mestel.univ-ghardaia.edu.dz\/presentation","name":"[:en]Presentation[:fr]Pr\u00e9sentation[:ar]\u062a\u0642\u062f\u064a\u0645 \u0627\u0644\u0645\u062e\u0628\u0631[:ru]\u043f\u0440\u0435\u0437\u0435\u043d\u0442\u0430\u0446\u0438\u044f[:] - Laboratoire des mat\u00e9riaux, technologie des syst\u00e8mes energetiques et environnement","isPartOf":{"@id":"https:\/\/mestel.univ-ghardaia.edu.dz\/#website"},"datePublished":"2019-09-15T12:09:20+00:00","dateModified":"2025-01-08T18:37:01+00:00","inLanguage":"fr-FR","potentialAction":[{"@type":"ReadAction","target":["https:\/\/mestel.univ-ghardaia.edu.dz\/presentation"]}]},{"@type":"WebSite","@id":"https:\/\/mestel.univ-ghardaia.edu.dz\/#website","url":"https:\/\/mestel.univ-ghardaia.edu.dz\/","name":"Laboratoire des mat\u00e9riaux, technologie des syst\u00e8mes energetiques et environnement","description":"Universit\u00e9 de Ghardaia","potentialAction":[{"@type":"SearchAction","target":{"@type":"EntryPoint","urlTemplate":"https:\/\/mestel.univ-ghardaia.edu.dz\/?s={search_term_string}"},"query-input":{"@type":"PropertyValueSpecification","valueRequired":true,"valueName":"search_term_string"}}],"inLanguage":"fr-FR"}]}},"_links":{"self":[{"href":"https:\/\/mestel.univ-ghardaia.edu.dz\/fr\/wp-json\/wp\/v2\/pages\/26","targetHints":{"allow":["GET"]}}],"collection":[{"href":"https:\/\/mestel.univ-ghardaia.edu.dz\/fr\/wp-json\/wp\/v2\/pages"}],"about":[{"href":"https:\/\/mestel.univ-ghardaia.edu.dz\/fr\/wp-json\/wp\/v2\/types\/page"}],"author":[{"embeddable":true,"href":"https:\/\/mestel.univ-ghardaia.edu.dz\/fr\/wp-json\/wp\/v2\/users\/1"}],"replies":[{"embeddable":true,"href":"https:\/\/mestel.univ-ghardaia.edu.dz\/fr\/wp-json\/wp\/v2\/comments?post=26"}],"version-history":[{"count":6,"href":"https:\/\/mestel.univ-ghardaia.edu.dz\/fr\/wp-json\/wp\/v2\/pages\/26\/revisions"}],"predecessor-version":[{"id":354,"href":"https:\/\/mestel.univ-ghardaia.edu.dz\/fr\/wp-json\/wp\/v2\/pages\/26\/revisions\/354"}],"wp:attachment":[{"href":"https:\/\/mestel.univ-ghardaia.edu.dz\/fr\/wp-json\/wp\/v2\/media?parent=26"}],"curies":[{"name":"wp","href":"https:\/\/api.w.org\/{rel}","templated":true}]}}