{"id":28,"date":"2019-09-15T13:14:44","date_gmt":"2019-09-15T12:14:44","guid":{"rendered":"http:\/\/mestel.univ-ghardaia.edu.dz\/?page_id=28"},"modified":"2025-01-06T20:24:13","modified_gmt":"2025-01-06T19:24:13","slug":"team-composition","status":"publish","type":"page","link":"https:\/\/mestel.univ-ghardaia.edu.dz\/fr\/team-composition","title":{"rendered":"Composition des \u00e9quipes"},"content":{"rendered":"<p><\/p>\n<table style=\"width: 71.7976%;height: 192px\">\n<tbody>\n<tr>\n<td style=\"width: 4.06732%\" width=\"26\"><\/td>\n<td style=\"width: 40.1122%\" width=\"284\"><strong>Chef d&rsquo;\u00e9quipe<\/strong><\/td>\n<td style=\"width: 54.418%\" width=\"387\"><strong>\u00e9quipe de recherche<br \/>\n<\/strong><\/td>\n<\/tr>\n<tr>\n<td style=\"width: 4.06732%\" width=\"26\"><strong>1<\/strong><\/td>\n<td style=\"width: 40.1122%\" width=\"284\">Pr. BELLAOUAR Abderrahmane<\/td>\n<td style=\"width: 54.418%\" width=\"387\">Mod\u00e9lisation, Optimisation et Fiabilit\u00e9 des Syst\u00e8mes Energ\u00e9tiques et Environnement<\/td>\n<\/tr>\n<tr>\n<td style=\"width: 4.06732%\" width=\"26\"><strong>2<\/strong><\/td>\n<td style=\"width: 40.1122%\" width=\"284\">Pr. CHENINI Keltoum<\/td>\n<td style=\"width: 54.418%\" width=\"387\">Plasma et Mat\u00e9riaux Avan<em>c\u00e9s<\/em><\/td>\n<\/tr>\n<tr>\n<td style=\"width: 4.06732%\" width=\"26\"><strong>3<\/strong><\/td>\n<td style=\"width: 40.1122%\" width=\"284\">Pr. BABAAMER Zohra<\/td>\n<td style=\"width: 54.418%\" width=\"387\">Valorisation des Ressources Naturelles, et Analyse Physicochimiques<\/td>\n<\/tr>\n<tr>\n<td style=\"width: 4.06732%\" width=\"26\"><strong>4<\/strong><\/td>\n<td style=\"width: 40.1122%\" width=\"284\">Dr. BOUARAOUR Kamel<\/td>\n<td style=\"width: 54.418%\" width=\"387\">Simulation des Ph\u00e9nom\u00e8nes de Transfert Thermique<\/td>\n<\/tr>\n<tr>\n<td style=\"width: 4.06732%\"><strong>5<br \/>\n<\/strong><\/td>\n<td style=\"width: 40.1122%\">Dr. BOULMAIZ Tayeb<\/td>\n<td style=\"width: 54.418%\">Innovation en Intelligence Artificielle Appliqu\u00e9e<\/td>\n<\/tr>\n<\/tbody>\n<\/table>\n<p><\/p>","protected":false},"excerpt":{"rendered":"<p>Chef d&rsquo;\u00e9quipe \u00e9quipe de recherche 1 Pr. BELLAOUAR Abderrahmane Mod\u00e9lisation, Optimisation et Fiabilit\u00e9 des Syst\u00e8mes Energ\u00e9tiques et Environnement 2 Pr. CHENINI Keltoum Plasma et Mat\u00e9riaux Avanc\u00e9s 3 Pr. BABAAMER Zohra Valorisation des Ressources Naturelles, et Analyse Physicochimiques 4 Dr. BOUARAOUR<span class=\"ellipsis\">&hellip;<\/span><\/p>\n<div class=\"read-more\"><a href=\"https:\/\/mestel.univ-ghardaia.edu.dz\/fr\/team-composition\">Lire la suite &#8250;<\/a><\/div>\n<p><!-- end of .read-more --><\/p>\n","protected":false},"author":1,"featured_media":0,"parent":0,"menu_order":0,"comment_status":"closed","ping_status":"closed","template":"","meta":{"_monsterinsights_skip_tracking":false,"_monsterinsights_sitenote_active":false,"_monsterinsights_sitenote_note":"","_monsterinsights_sitenote_category":0,"footnotes":""},"class_list":["post-28","page","type-page","status-publish","hentry"],"yoast_head":"<!-- This site is optimized with the Yoast SEO plugin v26.8 - https:\/\/yoast.com\/product\/yoast-seo-wordpress\/ -->\n<title>Composition des \u00e9quipes - Laboratoire des mat\u00e9riaux, technologie des syst\u00e8mes energetiques et environnement<\/title>\n<meta name=\"robots\" content=\"index, follow, max-snippet:-1, max-image-preview:large, max-video-preview:-1\" \/>\n<link rel=\"canonical\" href=\"https:\/\/mestel.univ-ghardaia.edu.dz\/team-composition\" \/>\n<meta property=\"og:locale\" content=\"fr_FR\" \/>\n<meta property=\"og:type\" content=\"article\" \/>\n<meta property=\"og:title\" content=\"[:en]Team composition[:fr]Composition des \u00e9quipes[:ar] \u062a\u0634\u0643\u064a\u0644\u0629 \u0641\u0631\u0642 \u0627\u0644\u0628\u062d\u062b[:ru]\u0421\u043e\u0441\u0442\u0430\u0432 \u043a\u043e\u043c\u0430\u043d\u0434\u044b[:] - Laboratoire des mat\u00e9riaux, technologie des syst\u00e8mes energetiques et environnement\" \/>\n<meta property=\"og:description\" content=\"Chef d&rsquo;\u00e9quipe \u00e9quipe de recherche 1 Pr. BELLAOUAR Abderrahmane Mod\u00e9lisation, Optimisation et Fiabilit\u00e9 des Syst\u00e8mes Energ\u00e9tiques et Environnement 2 Pr. CHENINI Keltoum Plasma et Mat\u00e9riaux Avanc\u00e9s 3 Pr. BABAAMER Zohra Valorisation des Ressources Naturelles, et Analyse Physicochimiques 4 Dr. BOUARAOUR&hellip;Lire la suite &#8250;\" \/>\n<meta property=\"og:url\" content=\"https:\/\/mestel.univ-ghardaia.edu.dz\/team-composition\" \/>\n<meta property=\"og:site_name\" content=\"Laboratoire des mat\u00e9riaux, technologie des syst\u00e8mes energetiques et environnement\" \/>\n<meta property=\"article:modified_time\" content=\"2025-01-06T19:24:13+00:00\" \/>\n<meta name=\"twitter:card\" content=\"summary_large_image\" \/>\n<meta name=\"twitter:label1\" content=\"Dur\u00e9e de lecture estim\u00e9e\" \/>\n\t<meta name=\"twitter:data1\" content=\"1 minute\" \/>\n<script type=\"application\/ld+json\" class=\"yoast-schema-graph\">{\"@context\":\"https:\/\/schema.org\",\"@graph\":[{\"@type\":\"WebPage\",\"@id\":\"https:\/\/mestel.univ-ghardaia.edu.dz\/team-composition\",\"url\":\"https:\/\/mestel.univ-ghardaia.edu.dz\/team-composition\",\"name\":\"[:en]Team composition[:fr]Composition des \u00e9quipes[:ar] \u062a\u0634\u0643\u064a\u0644\u0629 \u0641\u0631\u0642 \u0627\u0644\u0628\u062d\u062b[:ru]\u0421\u043e\u0441\u0442\u0430\u0432 \u043a\u043e\u043c\u0430\u043d\u0434\u044b[:] - Laboratoire des mat\u00e9riaux, technologie des syst\u00e8mes energetiques et environnement\",\"isPartOf\":{\"@id\":\"https:\/\/mestel.univ-ghardaia.edu.dz\/#website\"},\"datePublished\":\"2019-09-15T12:14:44+00:00\",\"dateModified\":\"2025-01-06T19:24:13+00:00\",\"inLanguage\":\"fr-FR\",\"potentialAction\":[{\"@type\":\"ReadAction\",\"target\":[\"https:\/\/mestel.univ-ghardaia.edu.dz\/team-composition\"]}]},{\"@type\":\"WebSite\",\"@id\":\"https:\/\/mestel.univ-ghardaia.edu.dz\/#website\",\"url\":\"https:\/\/mestel.univ-ghardaia.edu.dz\/\",\"name\":\"Laboratoire des mat\u00e9riaux, technologie des syst\u00e8mes energetiques et environnement\",\"description\":\"Universit\u00e9 de Ghardaia\",\"potentialAction\":[{\"@type\":\"SearchAction\",\"target\":{\"@type\":\"EntryPoint\",\"urlTemplate\":\"https:\/\/mestel.univ-ghardaia.edu.dz\/?s={search_term_string}\"},\"query-input\":{\"@type\":\"PropertyValueSpecification\",\"valueRequired\":true,\"valueName\":\"search_term_string\"}}],\"inLanguage\":\"fr-FR\"}]}<\/script>\n<!-- \/ Yoast SEO plugin. -->","yoast_head_json":{"title":"[:en]Team composition[:fr]Composition des \u00e9quipes[:ar] \u062a\u0634\u0643\u064a\u0644\u0629 \u0641\u0631\u0642 \u0627\u0644\u0628\u062d\u062b[:ru]\u0421\u043e\u0441\u0442\u0430\u0432 \u043a\u043e\u043c\u0430\u043d\u0434\u044b[:] - Laboratoire des mat\u00e9riaux, technologie des syst\u00e8mes energetiques et environnement","robots":{"index":"index","follow":"follow","max-snippet":"max-snippet:-1","max-image-preview":"max-image-preview:large","max-video-preview":"max-video-preview:-1"},"canonical":"https:\/\/mestel.univ-ghardaia.edu.dz\/team-composition","og_locale":"fr_FR","og_type":"article","og_title":"[:en]Team composition[:fr]Composition des \u00e9quipes[:ar] \u062a\u0634\u0643\u064a\u0644\u0629 \u0641\u0631\u0642 \u0627\u0644\u0628\u062d\u062b[:ru]\u0421\u043e\u0441\u0442\u0430\u0432 \u043a\u043e\u043c\u0430\u043d\u0434\u044b[:] - Laboratoire des mat\u00e9riaux, technologie des syst\u00e8mes energetiques et environnement","og_description":"Chef d&rsquo;\u00e9quipe \u00e9quipe de recherche 1 Pr. BELLAOUAR Abderrahmane Mod\u00e9lisation, Optimisation et Fiabilit\u00e9 des Syst\u00e8mes Energ\u00e9tiques et Environnement 2 Pr. CHENINI Keltoum Plasma et Mat\u00e9riaux Avanc\u00e9s 3 Pr. BABAAMER Zohra Valorisation des Ressources Naturelles, et Analyse Physicochimiques 4 Dr. BOUARAOUR&hellip;Lire la suite &#8250;","og_url":"https:\/\/mestel.univ-ghardaia.edu.dz\/team-composition","og_site_name":"Laboratoire des mat\u00e9riaux, technologie des syst\u00e8mes energetiques et environnement","article_modified_time":"2025-01-06T19:24:13+00:00","twitter_card":"summary_large_image","twitter_misc":{"Dur\u00e9e de lecture estim\u00e9e":"1 minute"},"schema":{"@context":"https:\/\/schema.org","@graph":[{"@type":"WebPage","@id":"https:\/\/mestel.univ-ghardaia.edu.dz\/team-composition","url":"https:\/\/mestel.univ-ghardaia.edu.dz\/team-composition","name":"[:en]Team composition[:fr]Composition des \u00e9quipes[:ar] \u062a\u0634\u0643\u064a\u0644\u0629 \u0641\u0631\u0642 \u0627\u0644\u0628\u062d\u062b[:ru]\u0421\u043e\u0441\u0442\u0430\u0432 \u043a\u043e\u043c\u0430\u043d\u0434\u044b[:] - Laboratoire des mat\u00e9riaux, technologie des syst\u00e8mes energetiques et environnement","isPartOf":{"@id":"https:\/\/mestel.univ-ghardaia.edu.dz\/#website"},"datePublished":"2019-09-15T12:14:44+00:00","dateModified":"2025-01-06T19:24:13+00:00","inLanguage":"fr-FR","potentialAction":[{"@type":"ReadAction","target":["https:\/\/mestel.univ-ghardaia.edu.dz\/team-composition"]}]},{"@type":"WebSite","@id":"https:\/\/mestel.univ-ghardaia.edu.dz\/#website","url":"https:\/\/mestel.univ-ghardaia.edu.dz\/","name":"Laboratoire des mat\u00e9riaux, technologie des syst\u00e8mes energetiques et environnement","description":"Universit\u00e9 de Ghardaia","potentialAction":[{"@type":"SearchAction","target":{"@type":"EntryPoint","urlTemplate":"https:\/\/mestel.univ-ghardaia.edu.dz\/?s={search_term_string}"},"query-input":{"@type":"PropertyValueSpecification","valueRequired":true,"valueName":"search_term_string"}}],"inLanguage":"fr-FR"}]}},"_links":{"self":[{"href":"https:\/\/mestel.univ-ghardaia.edu.dz\/fr\/wp-json\/wp\/v2\/pages\/28","targetHints":{"allow":["GET"]}}],"collection":[{"href":"https:\/\/mestel.univ-ghardaia.edu.dz\/fr\/wp-json\/wp\/v2\/pages"}],"about":[{"href":"https:\/\/mestel.univ-ghardaia.edu.dz\/fr\/wp-json\/wp\/v2\/types\/page"}],"author":[{"embeddable":true,"href":"https:\/\/mestel.univ-ghardaia.edu.dz\/fr\/wp-json\/wp\/v2\/users\/1"}],"replies":[{"embeddable":true,"href":"https:\/\/mestel.univ-ghardaia.edu.dz\/fr\/wp-json\/wp\/v2\/comments?post=28"}],"version-history":[{"count":7,"href":"https:\/\/mestel.univ-ghardaia.edu.dz\/fr\/wp-json\/wp\/v2\/pages\/28\/revisions"}],"predecessor-version":[{"id":315,"href":"https:\/\/mestel.univ-ghardaia.edu.dz\/fr\/wp-json\/wp\/v2\/pages\/28\/revisions\/315"}],"wp:attachment":[{"href":"https:\/\/mestel.univ-ghardaia.edu.dz\/fr\/wp-json\/wp\/v2\/media?parent=28"}],"curies":[{"name":"wp","href":"https:\/\/api.w.org\/{rel}","templated":true}]}}